{"id":597,"date":"2023-05-23T09:57:13","date_gmt":"2023-05-23T13:57:13","guid":{"rendered":"https:\/\/golifeward.com\/de\/?page_id=597"},"modified":"2025-07-22T06:34:44","modified_gmt":"2025-07-22T10:34:44","slug":"neuigkeiten-events","status":"publish","type":"page","link":"https:\/\/golifeward.com\/de\/unternehmen\/neuigkeiten-events\/","title":{"rendered":"Neuigkeiten und Events"},"content":{"rendered":"<div id='av_section_1'  class='avia-section av-3vipb-52a75b94bf8a5383c668a089bcfacb87 main_color avia-section-default avia-no-border-styling  avia-builder-el-0  el_before_av_section  avia-builder-el-first  page-banner avia-bg-style-scroll container_wrap sidebar_right'  ><div class='container av-section-cont-open' ><main  role=\"main\" itemprop=\"mainContentOfPage\"  class='template-page content  av-content-small alpha units'><div class='post-entry post-entry-type-page post-entry-597'><div class='entry-content-wrapper clearfix'>\n<div  class='flex_column av-351jf-6bc4d25a28fde47ce9e09d843aebbe02 av_one_full  avia-builder-el-1  avia-builder-el-no-sibling  page-banner-text first flex_column_div av-animated-generic left-to-right  '     ><section  class='av_textblock_section av-lh0wx8rp-f74235c452889e29cd997c0022d291b1 '   itemscope=\"itemscope\" itemtype=\"https:\/\/schema.org\/CreativeWork\" ><div class='avia_textblock'  itemprop=\"text\" ><p>News &amp; Events<\/p>\n<h1>Bleiben Sie auf dem Laufenden \u00fcber die neuesten Entwicklungen von Lifeward<\/h1>\n<\/div><\/section><\/div><\/div><\/div><\/main><!-- close content main element --><\/div><\/div>\n<style type=\"text\/css\" data-created_by=\"avia_inline_auto\" id=\"style-css-av-1aj56c-1162ae2aba1cca0f668393074cfc00ba\">\n.avia-section.av-1aj56c-1162ae2aba1cca0f668393074cfc00ba{\nbackground-repeat:no-repeat;\nbackground-image:url(https:\/\/golifeward.com\/de\/wp-content\/uploads\/sites\/2\/2024\/01\/resource-gradient-1.png);\nbackground-position:0% 0%;\nbackground-attachment:scroll;\n}\n<\/style>\n<div id='av_section_2'  class='avia-section av-1aj56c-1162ae2aba1cca0f668393074cfc00ba main_color avia-section-default avia-no-border-styling  avia-builder-el-3  el_after_av_section  avia-builder-el-last  white-shape-right avia-full-stretch avia-bg-style-scroll container_wrap sidebar_right'  data-section-bg-repeat='stretch'><div class='container av-section-cont-open' ><div class='template-page content  av-content-small alpha units'><div class='post-entry post-entry-type-page post-entry-597'><div class='entry-content-wrapper clearfix'>\n<div  class='flex_column av-14ncy4-bd8a4aacb2bc020144f01180801a5dd0 av_one_full  avia-builder-el-4  avia-builder-el-no-sibling  first flex_column_div av-animated-generic bottom-to-top  '     ><section  class='av_textblock_section av-8oigl-6fe5ba79753e431b52d3a11eed47f10d '   itemscope=\"itemscope\" itemtype=\"https:\/\/schema.org\/CreativeWork\" ><div class='avia_textblock'  itemprop=\"text\" ><!-- Gridbuilder \u1d42\u1d3e Plugin (https:\/\/wpgridbuilder.com) -->\n<div class=\"wp-grid-builder wpgb-grid-5 news-post-grid\" data-options=\"{&quot;id&quot;:5,&quot;type&quot;:&quot;masonry&quot;,&quot;source&quot;:&quot;post_type&quot;,&quot;loader&quot;:0,&quot;layout&quot;:&quot;vertical&quot;,&quot;reveal&quot;:0,&quot;isMainQuery&quot;:0,&quot;lazyLoad&quot;:0,&quot;cardSizes&quot;:{&quot;9999&quot;:{&quot;columns&quot;:3,&quot;height&quot;:240,&quot;gutter&quot;:30,&quot;ratio&quot;:&quot;1.33333&quot;},&quot;1200&quot;:{&quot;columns&quot;:3,&quot;height&quot;:240,&quot;gutter&quot;:30,&quot;ratio&quot;:&quot;1.33333&quot;},&quot;992&quot;:{&quot;columns&quot;:2,&quot;height&quot;:220,&quot;gutter&quot;:30,&quot;ratio&quot;:&quot;1.33333&quot;},&quot;768&quot;:{&quot;columns&quot;:2,&quot;height&quot;:220,&quot;gutter&quot;:30,&quot;ratio&quot;:&quot;1.33333&quot;},&quot;576&quot;:{&quot;columns&quot;:1,&quot;height&quot;:200,&quot;gutter&quot;:30,&quot;ratio&quot;:&quot;1.33333&quot;},&quot;320&quot;:{&quot;columns&quot;:1,&quot;height&quot;:200,&quot;gutter&quot;:30,&quot;ratio&quot;:&quot;1.33333&quot;}},&quot;fitRows&quot;:0,&quot;equalRows&quot;:0,&quot;equalColumns&quot;:1,&quot;fillLastRow&quot;:0,&quot;centerLastRow&quot;:0,&quot;horizontalOrder&quot;:0,&quot;fullWidth&quot;:0,&quot;transitionDelay&quot;:100,&quot;gallerySlideshow&quot;:0,&quot;rowsNumber&quot;:1,&quot;slideAlign&quot;:&quot;left&quot;,&quot;groupCells&quot;:1,&quot;draggable&quot;:1,&quot;initialIndex&quot;:0,&quot;contain&quot;:0,&quot;freeScroll&quot;:0,&quot;freeFriction&quot;:&quot;0.075&quot;,&quot;friction&quot;:&quot;0.285&quot;,&quot;attraction&quot;:&quot;0.025&quot;,&quot;autoPlay&quot;:0,&quot;pageDotAriaLabel&quot;:&quot;Page dot %d&quot;,&quot;isPreview&quot;:false,&quot;isGutenberg&quot;:false,&quot;rightToLeft&quot;:false}\"><div class=\"wpgb-svg-icons\" hidden>\n\t<svg viewBox=\"0 0 120 24\" width=\"0\" height=\"0\">\n\t<defs>\n        <polygon id=\"wpgb-star-svg\" points=\"12 2.5 15.1 8.8 22 9.8 17 14.6 18.2 21.5 12 18.3 5.8 21.5 7 14.6 2 9.8 8.9 8.8\"><\/polygon>\n    <\/defs>\n    <symbol id=\"wpgb-rating-stars-svg\">\n        <use xlink:href=\"#wpgb-star-svg\"><\/use>\n        <use xlink:href=\"#wpgb-star-svg\" x=\"24\"><\/use>\n        <use xlink:href=\"#wpgb-star-svg\" x=\"48\"><\/use>\n        <use xlink:href=\"#wpgb-star-svg\" x=\"72\"><\/use>\n        <use xlink:href=\"#wpgb-star-svg\" x=\"96\"><\/use>\n    <\/symbol>\n<\/svg>\n<\/div>\n<div class=\"wpgb-wrapper\">\n\t<div class=\"wpgb-main\">\n\t<div class=\"wpgb-area wpgb-area-top-2\">\n\t<div class=\"wpgb-facet wpgb-loading wpgb-facet-3\" data-facet=\"3\" data-grid=\"5\"><\/div><\/div>\n<div class=\"wpgb-layout\">\n\t<div class=\"wpgb-viewport\">\n\t\t<div class=\"wpgb-masonry\">\n\t\t\t<article class=\"wpgb-card wpgb-card-5 wpgb-post-3433\" data-col=\"1\" data-row=\"1\" data-format=\"standard\"><div class=\"wpgb-card-wrapper\"><div class=\"wpgb-card-inner\"><div class=\"wpgb-card-content wpgb-scheme-dark\"><div class=\"wpgb-card-body\"><div class=\"wpgb-block-2\"><span class=\"wpgb-block-term\" data-id=\"65\">Pressemitteilungen<\/span><\/div><time class=\"wpgb-block-1\" datetime=\"2026-01-21T12:22:30-05:00\">Januar 21, 2026<\/time><h3 class=\"wpgb-block-3\"><a target=\"_self\" href=\"https:\/\/golifeward.com\/de\/blog\/lifeward-staerkt-langfristige-stabilitaet-und-innovationskraft-durch-strategische-partnerschaft-mit-oramed\/\">Lifeward st\u00e4rkt langfristige Stabilit\u00e4t und Innovationskraft durch strategische Partnerschaft mit Oramed<\/a><\/h3><p class=\"wpgb-block-5\">Klare Fokussierung auf MedTech-Kern, nachhaltige Finanzbasis und langfristige Innovationsperspektiven Yokneam, Israel \/ Marlborough, MA\/USA \/ Berlin, Deutschland, January 22, 2026 \u2013 Lifeward,[...]<\/p><a class=\"wpgb-block-4 link-arrow wpgb-hover-accent-1\" href=\"https:\/\/golifeward.com\/de\/blog\/lifeward-staerkt-langfristige-stabilitaet-und-innovationskraft-durch-strategische-partnerschaft-mit-oramed\/\">Read more<\/a><\/div><\/div><\/div><\/div><\/article><article class=\"wpgb-card wpgb-card-5 wpgb-post-3376\" data-col=\"1\" data-row=\"1\" data-format=\"standard\"><div class=\"wpgb-card-wrapper\"><div class=\"wpgb-card-inner\"><div class=\"wpgb-card-content wpgb-scheme-dark\"><div class=\"wpgb-card-body\"><div class=\"wpgb-block-2\"><span class=\"wpgb-block-term\" data-id=\"65\">Pressemitteilungen<\/span><\/div><time class=\"wpgb-block-1\" datetime=\"2025-09-05T17:02:53-04:00\">September 5, 2025<\/time><h3 class=\"wpgb-block-3\"><a target=\"_self\" href=\"https:\/\/golifeward.com\/de\/blog\/lifeward-erhaelt-ce-kennzeichnung-fuer-das-persoenliche-exoskelett-rewalk-7\/\">Lifeward erh\u00e4lt CE-Kennzeichnung f\u00fcr das pers\u00f6nliche Exoskelett ReWalk 7<\/a><\/h3><p class=\"wpgb-block-5\">Die siebte Generation des branchenf\u00fchrenden Exoskeletts ist jetzt in der Europ\u00e4ischen Union erh\u00e4ltlich MARLBOROUGH, Massachusetts, YOKNEAM ILLIT, Israel, und Berlin, Deutschland 08.[...]<\/p><a class=\"wpgb-block-4 link-arrow wpgb-hover-accent-1\" href=\"https:\/\/golifeward.com\/de\/blog\/lifeward-erhaelt-ce-kennzeichnung-fuer-das-persoenliche-exoskelett-rewalk-7\/\">Read more<\/a><\/div><\/div><\/div><\/div><\/article><article class=\"wpgb-card wpgb-card-5 wpgb-post-3231\" data-col=\"1\" data-row=\"1\" data-format=\"standard\"><div class=\"wpgb-card-wrapper\"><div class=\"wpgb-card-inner\"><div class=\"wpgb-card-media wpgb-scheme-light\"><\/div><div class=\"wpgb-card-content wpgb-scheme-dark\"><div class=\"wpgb-card-body\"><div class=\"wpgb-block-2\"><span class=\"wpgb-block-term\" data-id=\"63\">News<\/span><span>, <\/span><span class=\"wpgb-block-term\" data-id=\"65\">Pressemitteilungen<\/span><\/div><time class=\"wpgb-block-1\" datetime=\"2025-06-04T04:20:43-04:00\">Juni 4, 2025<\/time><h3 class=\"wpgb-block-3\"><a target=\"_self\" href=\"https:\/\/golifeward.com\/de\/blog\/lifeward-benennt-mark-grant-als-neuen-ceo\/\">Lifeward benennt Mark Grant als neuen CEO<\/a><\/h3><p class=\"wpgb-block-5\">Lifeward benennt Mark Grant als neuen CEO Industrieveteran bringt 30 Jahre der Erfahrung in der kaufm\u00e4nnischen F\u00fchrung MARLBOROUGH, MA und YOKNEAM ILLIT,[...]<\/p><a class=\"wpgb-block-4 link-arrow wpgb-hover-accent-1\" href=\"https:\/\/golifeward.com\/de\/blog\/lifeward-benennt-mark-grant-als-neuen-ceo\/\">Read more<\/a><\/div><\/div><\/div><\/div><\/article><article class=\"wpgb-card wpgb-card-5 wpgb-post-3207\" data-col=\"1\" data-row=\"1\" data-format=\"standard\"><div class=\"wpgb-card-wrapper\"><div class=\"wpgb-card-inner\"><div class=\"wpgb-card-media wpgb-scheme-light\"><\/div><div class=\"wpgb-card-content wpgb-scheme-dark\"><div class=\"wpgb-card-body\"><div class=\"wpgb-block-2\"><span class=\"wpgb-block-term\" data-id=\"63\">News<\/span><span>, <\/span><span class=\"wpgb-block-term\" data-id=\"65\">Pressemitteilungen<\/span><\/div><time class=\"wpgb-block-1\" datetime=\"2025-05-06T04:00:36-04:00\">Mai 6, 2025<\/time><h3 class=\"wpgb-block-3\"><a target=\"_self\" href=\"https:\/\/golifeward.com\/de\/blog\/lifeward-ist-neuer-unterstuetzer-der-foerdergemeinschaft-der-querschnittgelaehmten-in-deutschland-e-v-fgq\/\">Lifeward ist neuer Unterst\u00fctzer der F\u00f6rdergemeinschaft der Querschnittgel\u00e4hmten in Deutschland e.V. (FGQ)<\/a><\/h3><p class=\"wpgb-block-5\">Lifeward ist neuer Unterst\u00fctzer der F\u00f6rdergemeinschaft der Querschnittgel\u00e4hmten in Deutschland e.V. (FGQ) Berlin, 06. Mai 2025 \u2013 Die Lifeward GmbH, ein global[...]<\/p><a class=\"wpgb-block-4 link-arrow wpgb-hover-accent-1\" href=\"https:\/\/golifeward.com\/de\/blog\/lifeward-ist-neuer-unterstuetzer-der-foerdergemeinschaft-der-querschnittgelaehmten-in-deutschland-e-v-fgq\/\">Read more<\/a><\/div><\/div><\/div><\/div><\/article><article class=\"wpgb-card wpgb-card-5 wpgb-post-3196\" data-col=\"1\" data-row=\"1\" data-format=\"standard\"><div class=\"wpgb-card-wrapper\"><div class=\"wpgb-card-inner\"><div class=\"wpgb-card-media wpgb-scheme-light\"><\/div><div class=\"wpgb-card-content wpgb-scheme-dark\"><div class=\"wpgb-card-body\"><div class=\"wpgb-block-2\"><span class=\"wpgb-block-term\" data-id=\"63\">News<\/span><span>, <\/span><span class=\"wpgb-block-term\" data-id=\"65\">Pressemitteilungen<\/span><\/div><time class=\"wpgb-block-1\" datetime=\"2025-02-05T08:36:51-05:00\">Februar 5, 2025<\/time><h3 class=\"wpgb-block-3\"><a target=\"_self\" href=\"https:\/\/golifeward.com\/de\/blog\/lifeward-schliesst-rahmenvertrag-mit-der-barmer\/\">Lifeward schlie\u00dft Rahmenvertrag mit der BARMER, der zweitgr\u00f6\u00dften gesetzlichen deutschen Krankenkasse<\/a><\/h3><p class=\"wpgb-block-5\">Lifeward schlie\u00dft Rahmenvertrag mit der BARMER, der zweitgr\u00f6\u00dften gesetzlichen deutschen Krankenkasse Der Vertrag regelt die Versorgung von r\u00fcckenmarksverletzten Versicherten mit ReWalk Exoskeletten[...]<\/p><a class=\"wpgb-block-4 link-arrow wpgb-hover-accent-1\" href=\"https:\/\/golifeward.com\/de\/blog\/lifeward-schliesst-rahmenvertrag-mit-der-barmer\/\">Read more<\/a><\/div><\/div><\/div><\/div><\/article><article class=\"wpgb-card wpgb-card-5 wpgb-post-3103\" data-col=\"1\" data-row=\"1\" data-format=\"standard\"><div class=\"wpgb-card-wrapper\"><div class=\"wpgb-card-inner\"><div class=\"wpgb-card-media wpgb-scheme-light\"><\/div><div class=\"wpgb-card-content wpgb-scheme-dark\"><div class=\"wpgb-card-body\"><div class=\"wpgb-block-2\"><span class=\"wpgb-block-term\" data-id=\"65\">Pressemitteilungen<\/span><\/div><time class=\"wpgb-block-1\" datetime=\"2024-09-19T16:08:50-04:00\">September 19, 2024<\/time><h3 class=\"wpgb-block-3\"><a target=\"_self\" href=\"https:\/\/golifeward.com\/de\/blog\/lifeward-startet-direktvertrieb-der-alterg-produktlinie-in-deutschland\/\">Lifeward startet den Direktvertrieb der AlterG-Produktlinie \u00fcber die deutsche Vertriebsorganisation<\/a><\/h3><p class=\"wpgb-block-5\">Lifeward startet Direktvertrieb der AlterG-Produktlinie in Deutschland Der Direktvertrieb von AlterG-Produkten durch das Verkaufsteam der Lifeward GmbH wird den Fokus auf die[...]<\/p><a class=\"wpgb-block-4 link-arrow wpgb-hover-accent-1\" href=\"https:\/\/golifeward.com\/de\/blog\/lifeward-startet-direktvertrieb-der-alterg-produktlinie-in-deutschland\/\">Read more<\/a><\/div><\/div><\/div><\/div><\/article><article class=\"wpgb-card wpgb-card-5 wpgb-post-3083\" data-col=\"1\" data-row=\"1\" data-format=\"standard\"><div class=\"wpgb-card-wrapper\"><div class=\"wpgb-card-inner\"><div class=\"wpgb-card-media wpgb-scheme-light\"><\/div><div class=\"wpgb-card-content wpgb-scheme-dark\"><div class=\"wpgb-card-body\"><div class=\"wpgb-block-2\"><span class=\"wpgb-block-term\" data-id=\"65\">Pressemitteilungen<\/span><\/div><time class=\"wpgb-block-1\" datetime=\"2024-09-05T04:00:33-04:00\">September 5, 2024<\/time><h3 class=\"wpgb-block-3\"><a target=\"_self\" href=\"https:\/\/golifeward.com\/de\/blog\/erste-rewalk-step-challenge-2024-in-deutschland-rewalk-exoskelett-nutzer-sammeln-424-844-schritte-und-spenden-5-000-euro-an-die-fgq\/\">Erste ReWalk Step Challenge 2024 in Deutschland: ReWalk Exoskelett-Nutzer sammeln 424.844 Schritte und spenden 5.000 Euro an die FGQ<\/a><\/h3><p class=\"wpgb-block-5\">Berlin, 05. September 2024 \u2013 Die Lifeward GmbH, ein globaler Marktf\u00fchrer, der lebensver\u00e4ndernde L\u00f6sungen anbietet, um die M\u00f6glichkeiten der Rehabilitation, der Genesung[...]<\/p><a class=\"wpgb-block-4 link-arrow wpgb-hover-accent-1\" href=\"https:\/\/golifeward.com\/de\/blog\/erste-rewalk-step-challenge-2024-in-deutschland-rewalk-exoskelett-nutzer-sammeln-424-844-schritte-und-spenden-5-000-euro-an-die-fgq\/\">Read more<\/a><\/div><\/div><\/div><\/div><\/article><article class=\"wpgb-card wpgb-card-5 wpgb-post-2804\" data-col=\"1\" data-row=\"1\" data-format=\"standard\"><div class=\"wpgb-card-wrapper\"><div class=\"wpgb-card-inner\"><div class=\"wpgb-card-media wpgb-scheme-light\"><\/div><div class=\"wpgb-card-content wpgb-scheme-dark\"><div class=\"wpgb-card-body\"><div class=\"wpgb-block-2\"><span class=\"wpgb-block-term\" data-id=\"54\">Blog Post<\/span><\/div><time class=\"wpgb-block-1\" datetime=\"2024-08-11T16:51:00-04:00\">August 11, 2024<\/time><h3 class=\"wpgb-block-3\"><a target=\"_self\" href=\"https:\/\/golifeward.com\/de\/blog\/sechs-schritte-zur-versorgung-mit-dem-rewalk-personal-6-0-exoskelett\/\">Sechs Schritte zur Versorgung mit dem ReWalk Personal Exoskelett<\/a><\/h3><div class=\"wpgb-block-5\"><p>Sie sind querschnittgel\u00e4hmt und m\u00f6chten mit ReWalk versorgt werden? Hier sind die sechs Schritte um ReWalker*in zu werden:<\/p><\/div><a class=\"wpgb-block-4 link-arrow wpgb-hover-accent-1\" href=\"https:\/\/golifeward.com\/de\/blog\/sechs-schritte-zur-versorgung-mit-dem-rewalk-personal-6-0-exoskelett\/\">Read more<\/a><\/div><\/div><\/div><\/div><\/article><article class=\"wpgb-card wpgb-card-5 wpgb-post-2974\" data-col=\"1\" data-row=\"1\" data-format=\"standard\"><div class=\"wpgb-card-wrapper\"><div class=\"wpgb-card-inner\"><div class=\"wpgb-card-media wpgb-scheme-light\"><\/div><div class=\"wpgb-card-content wpgb-scheme-dark\"><div class=\"wpgb-card-body\"><div class=\"wpgb-block-2\"><span class=\"wpgb-block-term\" data-id=\"65\">Pressemitteilungen<\/span><\/div><time class=\"wpgb-block-1\" datetime=\"2024-01-29T01:00:10-05:00\">Januar 29, 2024<\/time><h3 class=\"wpgb-block-3\"><a target=\"_self\" href=\"https:\/\/golifeward.com\/de\/blog\/rewalk-robotics-aendert-seine-unternehmensidentitaet-und-firmiert-unter-dem-namen-lifeward\/\">ReWalk Robotics \u00e4ndert seine Unternehmensidentit\u00e4t und firmiert unter dem Namen Lifeward<\/a><\/h3><p class=\"wpgb-block-5\">Die Marke Lifeward spiegelt die Verpflichtung des Unternehmens wider, Pionierarbeit bei der Entwicklung innovativer Technologien zu leisten, die es erm\u00f6glichen, trotz k\u00f6rperlicher[...]<\/p><a class=\"wpgb-block-4 link-arrow wpgb-hover-accent-1\" href=\"https:\/\/golifeward.com\/de\/blog\/rewalk-robotics-aendert-seine-unternehmensidentitaet-und-firmiert-unter-dem-namen-lifeward\/\">Read more<\/a><\/div><\/div><\/div><\/div><\/article>\t\t<\/div>\n\t<\/div>\n\t<\/div>\n<div class=\"wpgb-area wpgb-area-bottom-1\">\n\t<div class=\"wpgb-facet wpgb-loading wpgb-facet-4\" data-facet=\"4\" data-grid=\"5\"><\/div><\/div>\n\t<\/div>\n\t\t<\/div>\n<\/div>\n\n<\/div><\/section><\/div>\n<\/div><\/div><\/div><!-- close content main div --><\/div><\/div><div id='after_section_2'  class='main_color av_default_container_wrap container_wrap sidebar_right'  ><div class='container av-section-cont-open' ><div class='template-page content  av-content-small alpha units'><div class='post-entry post-entry-type-page post-entry-597'><div class='entry-content-wrapper clearfix'><\/p>\n","protected":false},"excerpt":{"rendered":"","protected":false},"author":1,"featured_media":0,"parent":31,"menu_order":0,"comment_status":"closed","ping_status":"closed","template":"","meta":{"_acf_changed":false,"rs_blank_template":"","rs_page_bg_color":"","slide_template_v7":"","footnotes":"","_links_to":"","_links_to_target":""},"class_list":["post-597","page","type-page","status-publish","hentry"],"acf":[],"yoast_head":"<!-- This site is optimized with the Yoast SEO plugin v27.3 - https:\/\/yoast.com\/product\/yoast-seo-wordpress\/ -->\n<title>Lifeward Neuigkeiten und Events<\/title>\n<meta name=\"robots\" content=\"index, follow, max-snippet:-1, max-image-preview:large, max-video-preview:-1\" \/>\n<link rel=\"canonical\" href=\"https:\/\/golifeward.com\/de\/unternehmen\/neuigkeiten-events\/\" \/>\n<meta property=\"og:locale\" content=\"de_DE\" \/>\n<meta property=\"og:type\" content=\"article\" \/>\n<meta property=\"og:title\" content=\"Lifeward Neuigkeiten und Events\" \/>\n<meta property=\"og:url\" content=\"https:\/\/golifeward.com\/de\/unternehmen\/neuigkeiten-events\/\" \/>\n<meta property=\"og:site_name\" content=\"Lifeward German Site\" \/>\n<meta property=\"article:modified_time\" content=\"2025-07-22T10:34:44+00:00\" \/>\n<meta name=\"twitter:card\" content=\"summary_large_image\" \/>\n<meta name=\"twitter:label1\" content=\"Gesch\u00e4tzte Lesezeit\" \/>\n\t<meta name=\"twitter:data1\" content=\"3 Minuten\" \/>\n<script type=\"application\/ld+json\" class=\"yoast-schema-graph\">{\"@context\":\"https:\\\/\\\/schema.org\",\"@graph\":[{\"@type\":\"WebPage\",\"@id\":\"https:\\\/\\\/golifeward.com\\\/de\\\/unternehmen\\\/neuigkeiten-events\\\/\",\"url\":\"https:\\\/\\\/golifeward.com\\\/de\\\/unternehmen\\\/neuigkeiten-events\\\/\",\"name\":\"Lifeward Neuigkeiten und Events\",\"isPartOf\":{\"@id\":\"https:\\\/\\\/golifeward.com\\\/de\\\/#website\"},\"datePublished\":\"2023-05-23T13:57:13+00:00\",\"dateModified\":\"2025-07-22T10:34:44+00:00\",\"breadcrumb\":{\"@id\":\"https:\\\/\\\/golifeward.com\\\/de\\\/unternehmen\\\/neuigkeiten-events\\\/#breadcrumb\"},\"inLanguage\":\"de-DE\",\"potentialAction\":[{\"@type\":\"ReadAction\",\"target\":[\"https:\\\/\\\/golifeward.com\\\/de\\\/unternehmen\\\/neuigkeiten-events\\\/\"]}]},{\"@type\":\"BreadcrumbList\",\"@id\":\"https:\\\/\\\/golifeward.com\\\/de\\\/unternehmen\\\/neuigkeiten-events\\\/#breadcrumb\",\"itemListElement\":[{\"@type\":\"ListItem\",\"position\":1,\"name\":\"Home\",\"item\":\"https:\\\/\\\/golifeward.com\\\/de\\\/home\\\/\"},{\"@type\":\"ListItem\",\"position\":2,\"name\":\"Unternehmen\",\"item\":\"https:\\\/\\\/golifeward.com\\\/de\\\/unternehmen\\\/\"},{\"@type\":\"ListItem\",\"position\":3,\"name\":\"Neuigkeiten und Events\"}]},{\"@type\":\"WebSite\",\"@id\":\"https:\\\/\\\/golifeward.com\\\/de\\\/#website\",\"url\":\"https:\\\/\\\/golifeward.com\\\/de\\\/\",\"name\":\"Lifeward German Site\",\"description\":\"\",\"potentialAction\":[{\"@type\":\"SearchAction\",\"target\":{\"@type\":\"EntryPoint\",\"urlTemplate\":\"https:\\\/\\\/golifeward.com\\\/de\\\/?s={search_term_string}\"},\"query-input\":{\"@type\":\"PropertyValueSpecification\",\"valueRequired\":true,\"valueName\":\"search_term_string\"}}],\"inLanguage\":\"de-DE\"}]}<\/script>\n<!-- \/ Yoast SEO plugin. -->","yoast_head_json":{"title":"Lifeward Neuigkeiten und Events","robots":{"index":"index","follow":"follow","max-snippet":"max-snippet:-1","max-image-preview":"max-image-preview:large","max-video-preview":"max-video-preview:-1"},"canonical":"https:\/\/golifeward.com\/de\/unternehmen\/neuigkeiten-events\/","og_locale":"de_DE","og_type":"article","og_title":"Lifeward Neuigkeiten und Events","og_url":"https:\/\/golifeward.com\/de\/unternehmen\/neuigkeiten-events\/","og_site_name":"Lifeward German Site","article_modified_time":"2025-07-22T10:34:44+00:00","twitter_card":"summary_large_image","twitter_misc":{"Gesch\u00e4tzte Lesezeit":"3 Minuten"},"schema":{"@context":"https:\/\/schema.org","@graph":[{"@type":"WebPage","@id":"https:\/\/golifeward.com\/de\/unternehmen\/neuigkeiten-events\/","url":"https:\/\/golifeward.com\/de\/unternehmen\/neuigkeiten-events\/","name":"Lifeward Neuigkeiten und Events","isPartOf":{"@id":"https:\/\/golifeward.com\/de\/#website"},"datePublished":"2023-05-23T13:57:13+00:00","dateModified":"2025-07-22T10:34:44+00:00","breadcrumb":{"@id":"https:\/\/golifeward.com\/de\/unternehmen\/neuigkeiten-events\/#breadcrumb"},"inLanguage":"de-DE","potentialAction":[{"@type":"ReadAction","target":["https:\/\/golifeward.com\/de\/unternehmen\/neuigkeiten-events\/"]}]},{"@type":"BreadcrumbList","@id":"https:\/\/golifeward.com\/de\/unternehmen\/neuigkeiten-events\/#breadcrumb","itemListElement":[{"@type":"ListItem","position":1,"name":"Home","item":"https:\/\/golifeward.com\/de\/home\/"},{"@type":"ListItem","position":2,"name":"Unternehmen","item":"https:\/\/golifeward.com\/de\/unternehmen\/"},{"@type":"ListItem","position":3,"name":"Neuigkeiten und Events"}]},{"@type":"WebSite","@id":"https:\/\/golifeward.com\/de\/#website","url":"https:\/\/golifeward.com\/de\/","name":"Lifeward German Site","description":"","potentialAction":[{"@type":"SearchAction","target":{"@type":"EntryPoint","urlTemplate":"https:\/\/golifeward.com\/de\/?s={search_term_string}"},"query-input":{"@type":"PropertyValueSpecification","valueRequired":true,"valueName":"search_term_string"}}],"inLanguage":"de-DE"}]}},"_links":{"self":[{"href":"https:\/\/golifeward.com\/de\/wp-json\/wp\/v2\/pages\/597","targetHints":{"allow":["GET"]}}],"collection":[{"href":"https:\/\/golifeward.com\/de\/wp-json\/wp\/v2\/pages"}],"about":[{"href":"https:\/\/golifeward.com\/de\/wp-json\/wp\/v2\/types\/page"}],"author":[{"embeddable":true,"href":"https:\/\/golifeward.com\/de\/wp-json\/wp\/v2\/users\/1"}],"replies":[{"embeddable":true,"href":"https:\/\/golifeward.com\/de\/wp-json\/wp\/v2\/comments?post=597"}],"version-history":[{"count":0,"href":"https:\/\/golifeward.com\/de\/wp-json\/wp\/v2\/pages\/597\/revisions"}],"up":[{"embeddable":true,"href":"https:\/\/golifeward.com\/de\/wp-json\/wp\/v2\/pages\/31"}],"wp:attachment":[{"href":"https:\/\/golifeward.com\/de\/wp-json\/wp\/v2\/media?parent=597"}],"curies":[{"name":"wp","href":"https:\/\/api.w.org\/{rel}","templated":true}]}}