{"id":2945,"date":"2024-01-24T21:24:27","date_gmt":"2024-01-25T02:24:27","guid":{"rendered":"https:\/\/golifeward.com\/de\/?page_id=2945"},"modified":"2024-01-24T21:24:48","modified_gmt":"2024-01-25T02:24:48","slug":"erklarung-zur-barrierefreiheit","status":"publish","type":"page","link":"https:\/\/golifeward.com\/de\/erklarung-zur-barrierefreiheit\/","title":{"rendered":"Erkl\u00e4rung zur Barrierefreiheit"},"content":{"rendered":"<div id='av_section_1'  class='avia-section av-lii5s6ul-19f65104201e053841d89e25bc0b9f5a main_color avia-section-large avia-no-border-styling  avia-builder-el-0  avia-builder-el-no-sibling  page-banner avia-bg-style-scroll container_wrap sidebar_right'  ><div class='container av-section-cont-open' ><main  role=\"main\" itemprop=\"mainContentOfPage\"  class='template-page content  av-content-small alpha units'><div class='post-entry post-entry-type-page post-entry-2945'><div class='entry-content-wrapper clearfix'>\n<div  class='flex_column av-2r97wz-c3cfa113ea35561dcf583b28cb6da9a6 av_one_full  avia-builder-el-1  avia-builder-el-no-sibling  page-banner-text first flex_column_div  '     ><section  class='av_textblock_section av-lii5r2iw-6836e950d7bfa5fa983cb64b67d282fc '   itemscope=\"itemscope\" itemtype=\"https:\/\/schema.org\/CreativeWork\" ><div class='avia_textblock'  itemprop=\"text\" ><h1>Erkl\u00e4rung zur Barrierefreiheit<\/h1>\n<div class=\"entry-content clearfix\"><\/div>\n<div class=\"social-media\">\n<p>G\u00fcltig ab 29. Januar 2024<\/p>\n<p>Lifeward setzt sich daf\u00fcr ein, dass die Internetseite f\u00fcr alle Nutzer barrierefrei zug\u00e4nglich ist. Wir arbeiten aktiv daran, die Zug\u00e4nglichkeit und Benutzerfreundlichkeit der Website zu verbessern. Soweit es technisch m\u00f6glich ist, bem\u00fchen wir uns um die Einhaltung der bew\u00e4hrten Verfahren, die in den Web Content Accessibility Guidelines 2.1 (WCAG 2.1&#8243;; Richtlinien f\u00fcr barrierefreie Webinhalte), Stufe AA, des World Wide Web Consortiums festgelegt sind. Wir haben die Benutzererfahrung f\u00fcr G\u00e4ste oder Empf\u00e4nger von Einladungen an die WCAG 2.1, Stufe AA, angepasst und werden dies auch weiterhin tun.<\/p>\n<p>Nutzer k\u00f6nnen die Internetseite gerne mit Hilfe von pers\u00f6nlicher Unterst\u00fctzungstechnologie verwenden. Sofern ein Teil der Website oder der angebotenen Dienste mit der unterst\u00fctzenden Technologie eines Nutzers nicht kompatibel ist, werden wir dem Nutzer durch alternative Optionen einen vollst\u00e4ndigen und gleichberechtigten Zugang zu unseren Diensten erm\u00f6glichen. F\u00fcr weitere Informationen \u00fcber diese Optionen kontaktieren Sie uns bitte unter accessibility@golifeward.com.<\/p>\n<p>Wir freuen uns \u00fcber Ihr Feedback zur Barrierefreiheit dieser Internetseite. Sollten Sie bei der Nutzung der Internetseite auf Barrieren sto\u00dfen, kontaktieren Sie uns bitte per E-Mail unter accessibility@golifeward.com oder telefonisch unter +49 30 2589 5080.<\/p>\n<\/div>\n<\/div><\/section><br \/>\n\n<style type=\"text\/css\" data-created_by=\"avia_inline_auto\" id=\"style-css-av-lii5sxu3-cdd23400077778142df41f58847a408c\">\n#top .hr.hr-invisible.av-lii5sxu3-cdd23400077778142df41f58847a408c{\nheight:100px;\n}\n<\/style>\n<div  class='hr av-lii5sxu3-cdd23400077778142df41f58847a408c hr-invisible  avia-builder-el-3  el_after_av_textblock  avia-builder-el-last '><span class='hr-inner '><span class=\"hr-inner-style\"><\/span><\/span><\/div><\/p><\/div><\/div><\/div><\/main><!-- close content main element --><\/div><\/div><div id='after_section_1'  class='main_color av_default_container_wrap container_wrap sidebar_right'  ><div class='container av-section-cont-open' ><div class='template-page content  av-content-small alpha units'><div class='post-entry post-entry-type-page post-entry-2945'><div class='entry-content-wrapper clearfix'>\n","protected":false},"excerpt":{"rendered":"","protected":false},"author":1,"featured_media":0,"parent":0,"menu_order":0,"comment_status":"closed","ping_status":"closed","template":"","meta":{"_acf_changed":false,"rs_blank_template":"","rs_page_bg_color":"","slide_template_v7":"","footnotes":"","_links_to":"","_links_to_target":""},"class_list":["post-2945","page","type-page","status-publish","hentry"],"acf":[],"yoast_head":"<!-- This site is optimized with the Yoast SEO plugin v27.5 - https:\/\/yoast.com\/product\/yoast-seo-wordpress\/ -->\n<title>Erkl\u00e4rung zur Barrierefreiheit - Lifeward German Site<\/title>\n<meta name=\"robots\" content=\"index, follow, max-snippet:-1, max-image-preview:large, max-video-preview:-1\" \/>\n<link rel=\"canonical\" href=\"https:\/\/golifeward.com\/de\/erklarung-zur-barrierefreiheit\/\" \/>\n<meta property=\"og:locale\" content=\"de_DE\" \/>\n<meta property=\"og:type\" content=\"article\" \/>\n<meta property=\"og:title\" content=\"Erkl\u00e4rung zur Barrierefreiheit - Lifeward German Site\" \/>\n<meta property=\"og:url\" content=\"https:\/\/golifeward.com\/de\/erklarung-zur-barrierefreiheit\/\" \/>\n<meta property=\"og:site_name\" content=\"Lifeward German Site\" \/>\n<meta property=\"article:modified_time\" content=\"2024-01-25T02:24:48+00:00\" \/>\n<meta name=\"twitter:card\" content=\"summary_large_image\" \/>\n<meta name=\"twitter:label1\" content=\"Gesch\u00e4tzte Lesezeit\" \/>\n\t<meta name=\"twitter:data1\" content=\"2 Minuten\" \/>\n<script type=\"application\/ld+json\" class=\"yoast-schema-graph\">{\"@context\":\"https:\\\/\\\/schema.org\",\"@graph\":[{\"@type\":\"WebPage\",\"@id\":\"https:\\\/\\\/golifeward.com\\\/de\\\/erklarung-zur-barrierefreiheit\\\/\",\"url\":\"https:\\\/\\\/golifeward.com\\\/de\\\/erklarung-zur-barrierefreiheit\\\/\",\"name\":\"Erkl\u00e4rung zur Barrierefreiheit - Lifeward German Site\",\"isPartOf\":{\"@id\":\"https:\\\/\\\/golifeward.com\\\/de\\\/#website\"},\"datePublished\":\"2024-01-25T02:24:27+00:00\",\"dateModified\":\"2024-01-25T02:24:48+00:00\",\"breadcrumb\":{\"@id\":\"https:\\\/\\\/golifeward.com\\\/de\\\/erklarung-zur-barrierefreiheit\\\/#breadcrumb\"},\"inLanguage\":\"de-DE\",\"potentialAction\":[{\"@type\":\"ReadAction\",\"target\":[\"https:\\\/\\\/golifeward.com\\\/de\\\/erklarung-zur-barrierefreiheit\\\/\"]}]},{\"@type\":\"BreadcrumbList\",\"@id\":\"https:\\\/\\\/golifeward.com\\\/de\\\/erklarung-zur-barrierefreiheit\\\/#breadcrumb\",\"itemListElement\":[{\"@type\":\"ListItem\",\"position\":1,\"name\":\"Home\",\"item\":\"https:\\\/\\\/golifeward.com\\\/de\\\/home\\\/\"},{\"@type\":\"ListItem\",\"position\":2,\"name\":\"Erkl\u00e4rung zur Barrierefreiheit\"}]},{\"@type\":\"WebSite\",\"@id\":\"https:\\\/\\\/golifeward.com\\\/de\\\/#website\",\"url\":\"https:\\\/\\\/golifeward.com\\\/de\\\/\",\"name\":\"Lifeward German Site\",\"description\":\"\",\"potentialAction\":[{\"@type\":\"SearchAction\",\"target\":{\"@type\":\"EntryPoint\",\"urlTemplate\":\"https:\\\/\\\/golifeward.com\\\/de\\\/?s={search_term_string}\"},\"query-input\":{\"@type\":\"PropertyValueSpecification\",\"valueRequired\":true,\"valueName\":\"search_term_string\"}}],\"inLanguage\":\"de-DE\"}]}<\/script>\n<!-- \/ Yoast SEO plugin. -->","yoast_head_json":{"title":"Erkl\u00e4rung zur Barrierefreiheit - Lifeward German Site","robots":{"index":"index","follow":"follow","max-snippet":"max-snippet:-1","max-image-preview":"max-image-preview:large","max-video-preview":"max-video-preview:-1"},"canonical":"https:\/\/golifeward.com\/de\/erklarung-zur-barrierefreiheit\/","og_locale":"de_DE","og_type":"article","og_title":"Erkl\u00e4rung zur Barrierefreiheit - Lifeward German Site","og_url":"https:\/\/golifeward.com\/de\/erklarung-zur-barrierefreiheit\/","og_site_name":"Lifeward German Site","article_modified_time":"2024-01-25T02:24:48+00:00","twitter_card":"summary_large_image","twitter_misc":{"Gesch\u00e4tzte Lesezeit":"2 Minuten"},"schema":{"@context":"https:\/\/schema.org","@graph":[{"@type":"WebPage","@id":"https:\/\/golifeward.com\/de\/erklarung-zur-barrierefreiheit\/","url":"https:\/\/golifeward.com\/de\/erklarung-zur-barrierefreiheit\/","name":"Erkl\u00e4rung zur Barrierefreiheit - Lifeward German Site","isPartOf":{"@id":"https:\/\/golifeward.com\/de\/#website"},"datePublished":"2024-01-25T02:24:27+00:00","dateModified":"2024-01-25T02:24:48+00:00","breadcrumb":{"@id":"https:\/\/golifeward.com\/de\/erklarung-zur-barrierefreiheit\/#breadcrumb"},"inLanguage":"de-DE","potentialAction":[{"@type":"ReadAction","target":["https:\/\/golifeward.com\/de\/erklarung-zur-barrierefreiheit\/"]}]},{"@type":"BreadcrumbList","@id":"https:\/\/golifeward.com\/de\/erklarung-zur-barrierefreiheit\/#breadcrumb","itemListElement":[{"@type":"ListItem","position":1,"name":"Home","item":"https:\/\/golifeward.com\/de\/home\/"},{"@type":"ListItem","position":2,"name":"Erkl\u00e4rung zur Barrierefreiheit"}]},{"@type":"WebSite","@id":"https:\/\/golifeward.com\/de\/#website","url":"https:\/\/golifeward.com\/de\/","name":"Lifeward German Site","description":"","potentialAction":[{"@type":"SearchAction","target":{"@type":"EntryPoint","urlTemplate":"https:\/\/golifeward.com\/de\/?s={search_term_string}"},"query-input":{"@type":"PropertyValueSpecification","valueRequired":true,"valueName":"search_term_string"}}],"inLanguage":"de-DE"}]}},"_links":{"self":[{"href":"https:\/\/golifeward.com\/de\/wp-json\/wp\/v2\/pages\/2945","targetHints":{"allow":["GET"]}}],"collection":[{"href":"https:\/\/golifeward.com\/de\/wp-json\/wp\/v2\/pages"}],"about":[{"href":"https:\/\/golifeward.com\/de\/wp-json\/wp\/v2\/types\/page"}],"author":[{"embeddable":true,"href":"https:\/\/golifeward.com\/de\/wp-json\/wp\/v2\/users\/1"}],"replies":[{"embeddable":true,"href":"https:\/\/golifeward.com\/de\/wp-json\/wp\/v2\/comments?post=2945"}],"version-history":[{"count":0,"href":"https:\/\/golifeward.com\/de\/wp-json\/wp\/v2\/pages\/2945\/revisions"}],"wp:attachment":[{"href":"https:\/\/golifeward.com\/de\/wp-json\/wp\/v2\/media?parent=2945"}],"curies":[{"name":"wp","href":"https:\/\/api.w.org\/{rel}","templated":true}]}}