{"id":2887,"date":"2023-11-08T17:01:51","date_gmt":"2023-11-08T22:01:51","guid":{"rendered":"https:\/\/golifeward.com\/de\/?page_id=2887"},"modified":"2025-11-14T13:22:51","modified_gmt":"2025-11-14T18:22:51","slug":"rewalk-personal-6-0","status":"publish","type":"page","link":"https:\/\/golifeward.com\/de\/rewalk-personal-6-0\/","title":{"rendered":"ReWalk Personal 6.0"},"content":{"rendered":"\n<p>Das ReWalk 6.0 System f\u00fcr die pers\u00f6nliche Nutzung ist entwickelt f\u00fcr den ganzt\u00e4glichen Einsatz, sowohl Zuhause, als auch drau\u00dfen. Es ist das am besten anpassbare Exoskelett und konfiguriert speziell f\u00fcr Sie. Die pr\u00e4zise Passform optimiert Sicherheit, Funktion und Gelenkausrichtung.<\/p>\n\n\n\n<h3 class=\"wp-block-heading\"><strong>ReWalk: Mehr als Gehen<\/strong><\/h3>\n\n\n\n<figure class=\"wp-block-image alignleft\"><img decoding=\"async\" src=\"https:\/\/golifeward.com\/wp-content\/uploads\/2023\/06\/Robert-and-Marcela-walking.jpg\" alt=\"rewalk-robotics-personal-marcela-pier\" class=\"wp-image-2974\"\/><\/figure>\n\n\n\n<p>Das akkubetriebene System umfasst ein leichtes, am K\u00f6rper tragbares Exoskelett mit Motoren an den H\u00fcft- und Kniegelenken. Der ReWalker kontrolliert die Bewegungen mit geringf\u00fcgigen Verlagerungen seines K\u00f6rperschwerpunkts. Eine vorw\u00e4rts Beugung des Oberk\u00f6rpers wird vom System wahrgenommen, was den ersten Schritt initiiert. Durch eine wiederholte Verlagerung des K\u00f6rpergewichts wird eine Reihe von Schritten ausgel\u00f6st, die den normalen Bewegungsablauf der Beine mit einer Gehgeschwindigkeit von bis zu 2,3 km\/h** nachahmt.<\/p>\n\n\n\n<p>Das ReWalk Unternehmen bietet Unterst\u00fctzung in der Antragstellung bei den Kostentr\u00e4gern an und ein umfassendes Wartungs- und Garantieprogramm f\u00fcr das System, das Sie mit nach Hause nehmen.<\/p>\n\n\n\n<p><a href=\"https:\/\/golifeward.com\/de\/kontakt\/\"><em><strong>Kontaktieren<\/strong><\/em><\/a> Sie uns bitte, um weitere Informationen \u00fcber die Schritte, die Sie zum ReWalker machen, zu erhalten. Ein Trainingszentrum in Ihrer N\u00e4he finden Sie auf unserer <a href=\"https:\/\/golifeward.com\/de\/standorte\/\"><em><strong>Standorte-Seite<\/strong><\/em><\/a>.<\/p>\n\n\n\n<h4 class=\"wp-block-heading\"><strong>Software-Updates<\/strong><\/h4>\n\n\n\n<p>Software-Version 4.2 jetzt verf\u00fcgbar, bitte <strong><em><a href=\"https:\/\/golifeward.com\/de\/kontakt\/\">hier<\/a><\/em><\/strong> anfragen.<\/p>\n","protected":false},"excerpt":{"rendered":"<p>Das ReWalk 6.0 System f\u00fcr die pers\u00f6nliche Nutzung ist entwickelt f\u00fcr den ganzt\u00e4glichen Einsatz, sowohl Zuhause, als auch drau\u00dfen. Es ist das am besten anpassbare Exoskelett und konfiguriert speziell f\u00fcr Sie. Die pr\u00e4zise Passform optimiert [&hellip;]<\/p>\n","protected":false},"author":1,"featured_media":0,"parent":0,"menu_order":0,"comment_status":"closed","ping_status":"closed","template":"template-web2lead-new.php","meta":{"_acf_changed":false,"rs_blank_template":"","rs_page_bg_color":"","slide_template_v7":"","footnotes":"","_links_to":"","_links_to_target":""},"class_list":["post-2887","page","type-page","status-publish","hentry"],"acf":[],"yoast_head":"<!-- This site is optimized with the Yoast SEO plugin v27.5 - https:\/\/yoast.com\/product\/yoast-seo-wordpress\/ -->\n<title>ReWalk Personal 6.0 - Lifeward German Site<\/title>\n<meta name=\"robots\" content=\"index, follow, max-snippet:-1, max-image-preview:large, max-video-preview:-1\" \/>\n<link rel=\"canonical\" href=\"https:\/\/golifeward.com\/de\/rewalk-personal-6-0\/\" \/>\n<meta property=\"og:locale\" content=\"de_DE\" \/>\n<meta property=\"og:type\" content=\"article\" \/>\n<meta property=\"og:title\" content=\"ReWalk Personal 6.0 - Lifeward German Site\" \/>\n<meta property=\"og:description\" content=\"Das ReWalk 6.0 System f\u00fcr die pers\u00f6nliche Nutzung ist entwickelt f\u00fcr den ganzt\u00e4glichen Einsatz, sowohl Zuhause, als auch drau\u00dfen. Es ist das am besten anpassbare Exoskelett und konfiguriert speziell f\u00fcr Sie. Die pr\u00e4zise Passform optimiert [&hellip;]\" \/>\n<meta property=\"og:url\" content=\"https:\/\/golifeward.com\/de\/rewalk-personal-6-0\/\" \/>\n<meta property=\"og:site_name\" content=\"Lifeward German Site\" \/>\n<meta property=\"article:modified_time\" content=\"2025-11-14T18:22:51+00:00\" \/>\n<meta name=\"twitter:card\" content=\"summary_large_image\" \/>\n<meta name=\"twitter:label1\" content=\"Gesch\u00e4tzte Lesezeit\" \/>\n\t<meta name=\"twitter:data1\" content=\"2 Minuten\" \/>\n<script type=\"application\/ld+json\" class=\"yoast-schema-graph\">{\"@context\":\"https:\\\/\\\/schema.org\",\"@graph\":[{\"@type\":\"WebPage\",\"@id\":\"https:\\\/\\\/golifeward.com\\\/de\\\/rewalk-personal-6-0\\\/\",\"url\":\"https:\\\/\\\/golifeward.com\\\/de\\\/rewalk-personal-6-0\\\/\",\"name\":\"ReWalk Personal 6.0 - Lifeward German Site\",\"isPartOf\":{\"@id\":\"https:\\\/\\\/golifeward.com\\\/de\\\/#website\"},\"primaryImageOfPage\":{\"@id\":\"https:\\\/\\\/golifeward.com\\\/de\\\/rewalk-personal-6-0\\\/#primaryimage\"},\"image\":{\"@id\":\"https:\\\/\\\/golifeward.com\\\/de\\\/rewalk-personal-6-0\\\/#primaryimage\"},\"thumbnailUrl\":\"https:\\\/\\\/golifeward.com\\\/wp-content\\\/uploads\\\/2023\\\/06\\\/Robert-and-Marcela-walking.jpg\",\"datePublished\":\"2023-11-08T22:01:51+00:00\",\"dateModified\":\"2025-11-14T18:22:51+00:00\",\"breadcrumb\":{\"@id\":\"https:\\\/\\\/golifeward.com\\\/de\\\/rewalk-personal-6-0\\\/#breadcrumb\"},\"inLanguage\":\"de-DE\",\"potentialAction\":[{\"@type\":\"ReadAction\",\"target\":[\"https:\\\/\\\/golifeward.com\\\/de\\\/rewalk-personal-6-0\\\/\"]}]},{\"@type\":\"ImageObject\",\"inLanguage\":\"de-DE\",\"@id\":\"https:\\\/\\\/golifeward.com\\\/de\\\/rewalk-personal-6-0\\\/#primaryimage\",\"url\":\"https:\\\/\\\/golifeward.com\\\/wp-content\\\/uploads\\\/2023\\\/06\\\/Robert-and-Marcela-walking.jpg\",\"contentUrl\":\"https:\\\/\\\/golifeward.com\\\/wp-content\\\/uploads\\\/2023\\\/06\\\/Robert-and-Marcela-walking.jpg\"},{\"@type\":\"BreadcrumbList\",\"@id\":\"https:\\\/\\\/golifeward.com\\\/de\\\/rewalk-personal-6-0\\\/#breadcrumb\",\"itemListElement\":[{\"@type\":\"ListItem\",\"position\":1,\"name\":\"Home\",\"item\":\"https:\\\/\\\/golifeward.com\\\/de\\\/home\\\/\"},{\"@type\":\"ListItem\",\"position\":2,\"name\":\"ReWalk Personal 6.0\"}]},{\"@type\":\"WebSite\",\"@id\":\"https:\\\/\\\/golifeward.com\\\/de\\\/#website\",\"url\":\"https:\\\/\\\/golifeward.com\\\/de\\\/\",\"name\":\"Lifeward German Site\",\"description\":\"\",\"potentialAction\":[{\"@type\":\"SearchAction\",\"target\":{\"@type\":\"EntryPoint\",\"urlTemplate\":\"https:\\\/\\\/golifeward.com\\\/de\\\/?s={search_term_string}\"},\"query-input\":{\"@type\":\"PropertyValueSpecification\",\"valueRequired\":true,\"valueName\":\"search_term_string\"}}],\"inLanguage\":\"de-DE\"}]}<\/script>\n<!-- \/ Yoast SEO plugin. -->","yoast_head_json":{"title":"ReWalk Personal 6.0 - Lifeward German Site","robots":{"index":"index","follow":"follow","max-snippet":"max-snippet:-1","max-image-preview":"max-image-preview:large","max-video-preview":"max-video-preview:-1"},"canonical":"https:\/\/golifeward.com\/de\/rewalk-personal-6-0\/","og_locale":"de_DE","og_type":"article","og_title":"ReWalk Personal 6.0 - Lifeward German Site","og_description":"Das ReWalk 6.0 System f\u00fcr die pers\u00f6nliche Nutzung ist entwickelt f\u00fcr den ganzt\u00e4glichen Einsatz, sowohl Zuhause, als auch drau\u00dfen. Es ist das am besten anpassbare Exoskelett und konfiguriert speziell f\u00fcr Sie. Die pr\u00e4zise Passform optimiert [&hellip;]","og_url":"https:\/\/golifeward.com\/de\/rewalk-personal-6-0\/","og_site_name":"Lifeward German Site","article_modified_time":"2025-11-14T18:22:51+00:00","twitter_card":"summary_large_image","twitter_misc":{"Gesch\u00e4tzte Lesezeit":"2 Minuten"},"schema":{"@context":"https:\/\/schema.org","@graph":[{"@type":"WebPage","@id":"https:\/\/golifeward.com\/de\/rewalk-personal-6-0\/","url":"https:\/\/golifeward.com\/de\/rewalk-personal-6-0\/","name":"ReWalk Personal 6.0 - Lifeward German Site","isPartOf":{"@id":"https:\/\/golifeward.com\/de\/#website"},"primaryImageOfPage":{"@id":"https:\/\/golifeward.com\/de\/rewalk-personal-6-0\/#primaryimage"},"image":{"@id":"https:\/\/golifeward.com\/de\/rewalk-personal-6-0\/#primaryimage"},"thumbnailUrl":"https:\/\/golifeward.com\/wp-content\/uploads\/2023\/06\/Robert-and-Marcela-walking.jpg","datePublished":"2023-11-08T22:01:51+00:00","dateModified":"2025-11-14T18:22:51+00:00","breadcrumb":{"@id":"https:\/\/golifeward.com\/de\/rewalk-personal-6-0\/#breadcrumb"},"inLanguage":"de-DE","potentialAction":[{"@type":"ReadAction","target":["https:\/\/golifeward.com\/de\/rewalk-personal-6-0\/"]}]},{"@type":"ImageObject","inLanguage":"de-DE","@id":"https:\/\/golifeward.com\/de\/rewalk-personal-6-0\/#primaryimage","url":"https:\/\/golifeward.com\/wp-content\/uploads\/2023\/06\/Robert-and-Marcela-walking.jpg","contentUrl":"https:\/\/golifeward.com\/wp-content\/uploads\/2023\/06\/Robert-and-Marcela-walking.jpg"},{"@type":"BreadcrumbList","@id":"https:\/\/golifeward.com\/de\/rewalk-personal-6-0\/#breadcrumb","itemListElement":[{"@type":"ListItem","position":1,"name":"Home","item":"https:\/\/golifeward.com\/de\/home\/"},{"@type":"ListItem","position":2,"name":"ReWalk Personal 6.0"}]},{"@type":"WebSite","@id":"https:\/\/golifeward.com\/de\/#website","url":"https:\/\/golifeward.com\/de\/","name":"Lifeward German Site","description":"","potentialAction":[{"@type":"SearchAction","target":{"@type":"EntryPoint","urlTemplate":"https:\/\/golifeward.com\/de\/?s={search_term_string}"},"query-input":{"@type":"PropertyValueSpecification","valueRequired":true,"valueName":"search_term_string"}}],"inLanguage":"de-DE"}]}},"_links":{"self":[{"href":"https:\/\/golifeward.com\/de\/wp-json\/wp\/v2\/pages\/2887","targetHints":{"allow":["GET"]}}],"collection":[{"href":"https:\/\/golifeward.com\/de\/wp-json\/wp\/v2\/pages"}],"about":[{"href":"https:\/\/golifeward.com\/de\/wp-json\/wp\/v2\/types\/page"}],"author":[{"embeddable":true,"href":"https:\/\/golifeward.com\/de\/wp-json\/wp\/v2\/users\/1"}],"replies":[{"embeddable":true,"href":"https:\/\/golifeward.com\/de\/wp-json\/wp\/v2\/comments?post=2887"}],"version-history":[{"count":0,"href":"https:\/\/golifeward.com\/de\/wp-json\/wp\/v2\/pages\/2887\/revisions"}],"wp:attachment":[{"href":"https:\/\/golifeward.com\/de\/wp-json\/wp\/v2\/media?parent=2887"}],"curies":[{"name":"wp","href":"https:\/\/api.w.org\/{rel}","templated":true}]}}