{"id":2837,"date":"2023-10-30T15:37:59","date_gmt":"2023-10-30T19:37:59","guid":{"rendered":"https:\/\/golifeward.com\/de\/?page_id=2837"},"modified":"2026-02-26T06:35:53","modified_gmt":"2026-02-26T11:35:53","slug":"impressum","status":"publish","type":"page","link":"https:\/\/golifeward.com\/de\/impressum\/","title":{"rendered":"Impressum"},"content":{"rendered":"<div id='av_section_1'  class='avia-section av-lii5s6ul-19f65104201e053841d89e25bc0b9f5a main_color avia-section-large avia-no-border-styling  avia-builder-el-0  avia-builder-el-no-sibling  page-banner avia-bg-style-scroll container_wrap sidebar_right'  ><div class='container av-section-cont-open' ><main  role=\"main\" itemprop=\"mainContentOfPage\"  class='template-page content  av-content-small alpha units'><div class='post-entry post-entry-type-page post-entry-2837'><div class='entry-content-wrapper clearfix'>\n<div  class='flex_column av-2r97wz-c3cfa113ea35561dcf583b28cb6da9a6 av_one_full  avia-builder-el-1  avia-builder-el-no-sibling  page-banner-text first flex_column_div  '     ><section  class='av_textblock_section av-lii5r2iw-258750f853ae44676c82abba35d6337f '   itemscope=\"itemscope\" itemtype=\"https:\/\/schema.org\/CreativeWork\" ><div class='avia_textblock'  itemprop=\"text\" ><h1>Impressum<\/h1>\n<div class=\"entry-content clearfix\">\n<h3>Angaben gem\u00e4\u00df \u00a7 5 TMG:<\/h3>\n<p>Lifeward GmbH<\/p>\n<p>Leipziger Platz 15<\/p>\n<p>10117 Berlin<\/p>\n<p><strong>Vertreten durch:<\/strong><\/p>\n<p>William Mark Grant<\/p>\n<p><a href=\"mailto:kontakt@rewalk.com\">kontakt@golifeward.com<\/a><\/p>\n<p>Telefon: +49 30 2589 5080<\/p>\n<p>Telefax: +49 30 2589 4100<\/p>\n<p>Umsatzsteuer-Identifikationsnummer: DE286427452<\/p>\n<p>Registergericht: Amtsgericht Berlin (Charlottenburg)<br \/>\nHandelsregister-Nummer: HRB147136<\/p>\n<p>Wir sind gesetzlich verpflichtet Sie dar\u00fcber zu informieren, dass die Europ\u00e4ische Kommission zur au\u00dfergerichtlichen Streitbeilegung von verbraucherrechtlichen Streitigkeiten eine Plattform zur Online-Streitbeilegung (OS) eingerichtet hat. Die Plattform finden Sie unter\u00a0<a href=\"http:\/\/ec.europa.eu\/consumers\/odr\/\">http:\/\/ec.europa.eu\/consumers\/odr\/<\/a>. ReWalk Robotics GmbH wird nicht an einem Streitbeilegungsverfahren vor einer Verbraucherschlichtungsstelle im Sinne des VSBG teilnehmen und ist hierzu auch nicht verpflichtet.<\/p>\n<\/div>\n<div class=\"social-media\">\n<p class=\"mar-t-40 mar-b-10\"><strong>Teilen<\/strong><\/p>\n<p class=\"mar-b-10\"><small>Wenn Sie auf eines der hier aufgef\u00fchrten Icons klicken, werden Ihre pers\u00f6nlichen Daten an das ausgew\u00e4hlte Netzwerk \u00fcbertragen.<\/small><\/p>\n<\/div>\n<\/div><\/section><br \/>\n\n<style type=\"text\/css\" data-created_by=\"avia_inline_auto\" id=\"style-css-av-lii5sxu3-cdd23400077778142df41f58847a408c\">\n#top .hr.hr-invisible.av-lii5sxu3-cdd23400077778142df41f58847a408c{\nheight:100px;\n}\n<\/style>\n<div  class='hr av-lii5sxu3-cdd23400077778142df41f58847a408c hr-invisible  avia-builder-el-3  el_after_av_textblock  avia-builder-el-last '><span class='hr-inner '><span class=\"hr-inner-style\"><\/span><\/span><\/div><\/p><\/div><\/div><\/div><\/main><!-- close content main element --><\/div><\/div><div id='after_section_1'  class='main_color av_default_container_wrap container_wrap sidebar_right'  ><div class='container av-section-cont-open' ><div class='template-page content  av-content-small alpha units'><div class='post-entry post-entry-type-page post-entry-2837'><div class='entry-content-wrapper clearfix'>\n","protected":false},"excerpt":{"rendered":"","protected":false},"author":1,"featured_media":0,"parent":0,"menu_order":0,"comment_status":"closed","ping_status":"closed","template":"","meta":{"_acf_changed":false,"rs_blank_template":"","rs_page_bg_color":"","slide_template_v7":"","footnotes":"","_links_to":"","_links_to_target":""},"class_list":["post-2837","page","type-page","status-publish","hentry"],"acf":[],"yoast_head":"<!-- This site is optimized with the Yoast SEO plugin v27.4 - https:\/\/yoast.com\/product\/yoast-seo-wordpress\/ -->\n<title>Impressum - Lifeward German Site<\/title>\n<meta name=\"robots\" content=\"index, follow, max-snippet:-1, max-image-preview:large, max-video-preview:-1\" \/>\n<link rel=\"canonical\" href=\"https:\/\/golifeward.com\/de\/impressum\/\" \/>\n<meta property=\"og:locale\" content=\"de_DE\" \/>\n<meta property=\"og:type\" content=\"article\" \/>\n<meta property=\"og:title\" content=\"Impressum - Lifeward German Site\" \/>\n<meta property=\"og:url\" content=\"https:\/\/golifeward.com\/de\/impressum\/\" \/>\n<meta property=\"og:site_name\" content=\"Lifeward German Site\" \/>\n<meta property=\"article:modified_time\" content=\"2026-02-26T11:35:53+00:00\" \/>\n<meta name=\"twitter:card\" content=\"summary_large_image\" \/>\n<meta name=\"twitter:label1\" content=\"Gesch\u00e4tzte Lesezeit\" \/>\n\t<meta name=\"twitter:data1\" content=\"1 Minute\" \/>\n<script type=\"application\/ld+json\" class=\"yoast-schema-graph\">{\"@context\":\"https:\\\/\\\/schema.org\",\"@graph\":[{\"@type\":\"WebPage\",\"@id\":\"https:\\\/\\\/golifeward.com\\\/de\\\/impressum\\\/\",\"url\":\"https:\\\/\\\/golifeward.com\\\/de\\\/impressum\\\/\",\"name\":\"Impressum - Lifeward German Site\",\"isPartOf\":{\"@id\":\"https:\\\/\\\/golifeward.com\\\/de\\\/#website\"},\"datePublished\":\"2023-10-30T19:37:59+00:00\",\"dateModified\":\"2026-02-26T11:35:53+00:00\",\"breadcrumb\":{\"@id\":\"https:\\\/\\\/golifeward.com\\\/de\\\/impressum\\\/#breadcrumb\"},\"inLanguage\":\"de-DE\",\"potentialAction\":[{\"@type\":\"ReadAction\",\"target\":[\"https:\\\/\\\/golifeward.com\\\/de\\\/impressum\\\/\"]}]},{\"@type\":\"BreadcrumbList\",\"@id\":\"https:\\\/\\\/golifeward.com\\\/de\\\/impressum\\\/#breadcrumb\",\"itemListElement\":[{\"@type\":\"ListItem\",\"position\":1,\"name\":\"Home\",\"item\":\"https:\\\/\\\/golifeward.com\\\/de\\\/home\\\/\"},{\"@type\":\"ListItem\",\"position\":2,\"name\":\"Impressum\"}]},{\"@type\":\"WebSite\",\"@id\":\"https:\\\/\\\/golifeward.com\\\/de\\\/#website\",\"url\":\"https:\\\/\\\/golifeward.com\\\/de\\\/\",\"name\":\"Lifeward German Site\",\"description\":\"\",\"potentialAction\":[{\"@type\":\"SearchAction\",\"target\":{\"@type\":\"EntryPoint\",\"urlTemplate\":\"https:\\\/\\\/golifeward.com\\\/de\\\/?s={search_term_string}\"},\"query-input\":{\"@type\":\"PropertyValueSpecification\",\"valueRequired\":true,\"valueName\":\"search_term_string\"}}],\"inLanguage\":\"de-DE\"}]}<\/script>\n<!-- \/ Yoast SEO plugin. -->","yoast_head_json":{"title":"Impressum - Lifeward German Site","robots":{"index":"index","follow":"follow","max-snippet":"max-snippet:-1","max-image-preview":"max-image-preview:large","max-video-preview":"max-video-preview:-1"},"canonical":"https:\/\/golifeward.com\/de\/impressum\/","og_locale":"de_DE","og_type":"article","og_title":"Impressum - Lifeward German Site","og_url":"https:\/\/golifeward.com\/de\/impressum\/","og_site_name":"Lifeward German Site","article_modified_time":"2026-02-26T11:35:53+00:00","twitter_card":"summary_large_image","twitter_misc":{"Gesch\u00e4tzte Lesezeit":"1 Minute"},"schema":{"@context":"https:\/\/schema.org","@graph":[{"@type":"WebPage","@id":"https:\/\/golifeward.com\/de\/impressum\/","url":"https:\/\/golifeward.com\/de\/impressum\/","name":"Impressum - Lifeward German Site","isPartOf":{"@id":"https:\/\/golifeward.com\/de\/#website"},"datePublished":"2023-10-30T19:37:59+00:00","dateModified":"2026-02-26T11:35:53+00:00","breadcrumb":{"@id":"https:\/\/golifeward.com\/de\/impressum\/#breadcrumb"},"inLanguage":"de-DE","potentialAction":[{"@type":"ReadAction","target":["https:\/\/golifeward.com\/de\/impressum\/"]}]},{"@type":"BreadcrumbList","@id":"https:\/\/golifeward.com\/de\/impressum\/#breadcrumb","itemListElement":[{"@type":"ListItem","position":1,"name":"Home","item":"https:\/\/golifeward.com\/de\/home\/"},{"@type":"ListItem","position":2,"name":"Impressum"}]},{"@type":"WebSite","@id":"https:\/\/golifeward.com\/de\/#website","url":"https:\/\/golifeward.com\/de\/","name":"Lifeward German Site","description":"","potentialAction":[{"@type":"SearchAction","target":{"@type":"EntryPoint","urlTemplate":"https:\/\/golifeward.com\/de\/?s={search_term_string}"},"query-input":{"@type":"PropertyValueSpecification","valueRequired":true,"valueName":"search_term_string"}}],"inLanguage":"de-DE"}]}},"_links":{"self":[{"href":"https:\/\/golifeward.com\/de\/wp-json\/wp\/v2\/pages\/2837","targetHints":{"allow":["GET"]}}],"collection":[{"href":"https:\/\/golifeward.com\/de\/wp-json\/wp\/v2\/pages"}],"about":[{"href":"https:\/\/golifeward.com\/de\/wp-json\/wp\/v2\/types\/page"}],"author":[{"embeddable":true,"href":"https:\/\/golifeward.com\/de\/wp-json\/wp\/v2\/users\/1"}],"replies":[{"embeddable":true,"href":"https:\/\/golifeward.com\/de\/wp-json\/wp\/v2\/comments?post=2837"}],"version-history":[{"count":0,"href":"https:\/\/golifeward.com\/de\/wp-json\/wp\/v2\/pages\/2837\/revisions"}],"wp:attachment":[{"href":"https:\/\/golifeward.com\/de\/wp-json\/wp\/v2\/media?parent=2837"}],"curies":[{"name":"wp","href":"https:\/\/api.w.org\/{rel}","templated":true}]}}