{"id":2147,"date":"2023-06-04T21:13:02","date_gmt":"2023-06-05T01:13:02","guid":{"rendered":"https:\/\/golifeward.com\/de\/?page_id=2147"},"modified":"2023-11-07T14:19:27","modified_gmt":"2023-11-07T19:19:27","slug":"haftungsausschluss","status":"publish","type":"page","link":"https:\/\/golifeward.com\/de\/haftungsausschluss\/","title":{"rendered":"Haftungsausschluss"},"content":{"rendered":"<div id='av_section_1'  class='avia-section av-lii5s6ul-19f65104201e053841d89e25bc0b9f5a main_color avia-section-large avia-no-border-styling  avia-builder-el-0  avia-builder-el-no-sibling  page-banner avia-bg-style-scroll container_wrap sidebar_right'  ><div class='container av-section-cont-open' ><main  role=\"main\" itemprop=\"mainContentOfPage\"  class='template-page content  av-content-small alpha units'><div class='post-entry post-entry-type-page post-entry-2147'><div class='entry-content-wrapper clearfix'>\n<div  class='flex_column av-2r97wz-c3cfa113ea35561dcf583b28cb6da9a6 av_one_full  avia-builder-el-1  avia-builder-el-no-sibling  page-banner-text first flex_column_div  '     ><section  class='av_textblock_section av-lii5r2iw-6836e950d7bfa5fa983cb64b67d282fc '   itemscope=\"itemscope\" itemtype=\"https:\/\/schema.org\/CreativeWork\" ><div class='avia_textblock'  itemprop=\"text\" ><h1>Haftungsausschluss<\/h1>\n<p><strong>Haftungsbeschr\u00e4nkung f\u00fcr interne Inhalte<\/strong><\/p>\n<p>Der Inhalt unserer Webseite wurde mit gro\u00dfer Sorgfalt und nach bestem Wissen zusammengestellt. Wir k\u00f6nnen aber keine Haftung f\u00fcr die Aktualit\u00e4t, Vollst\u00e4ndigkeit oder Richtigkeit der Seiten \u00fcbernehmen.<br \/>\n<strong><br \/>\nHaftungsbeschr\u00e4nkung f\u00fcr externe Links<br \/>\n<\/strong><\/p>\n<p>Auf unserer Webseite sind Links zu Webseiten von Drittparteien (\u201eexterne Links\u201e). Da der Inhalt dieser Webseiten nicht unserer Kontrolle unterliegt, k\u00f6nnen wir keine Haftung f\u00fcr solchen externen Inhalt \u00fcbernehmen. In jedem Fall ist der Anbieter von Informationen der verlinkten Webseiten f\u00fcr den Inhalt und die Richtigkeit der Informationen verantwortlich. Zu dem Zeitpunkt, wenn die Links platziert werden, k\u00f6nnen wir keine Gesetzesverst\u00f6\u00dfe erkennen. Sobald wir von einem Gesetzesversto\u00df erfahren, entfernen wir den entsprechenden Link umgehend.<\/p>\n<p><strong>Urheberrecht<\/strong><\/p>\n<p>Der Inhalt und die ver\u00f6ffentlichten Arbeiten auf dieser Webseite unterliegen dem deutschen Urheberrecht. Jegliche Kopien, Bearbeitung, Verteilung oder Formen der Nutzung au\u00dferhalb des Rahmens des Urheberrechts erfordern die schriftliche Freigabe des Autors oder der Autoren.<\/p>\n<p><strong>Datenschutz<\/strong><\/p>\n<p>Ein Besuch auf unserer Webseite kann dazu f\u00fchren, dass Zugriffsinformationen auf unserem Server gespeichert werden (Datum, Zeit, ge\u00f6ffnete Seite). Dies stellt keine Analyse der pers\u00f6nlichen Daten dar (z. B. Name, Adresse oder E-Mail). Wenn pers\u00f6nliche Daten erhoben werden, geschieht dies nur \u2013 sofern m\u00f6glich \u2013 mit vorheriger Zustimmung des Nutzers der Webseite. Jegliche Weiterleitung der Daten an Drittparteien, ohne ausdr\u00fcckliche Zustimmung des Nutzers, darf nicht stattfinden.\u00a0Wir m\u00f6chten betonen, dass die \u00dcbertragung von Daten \u00fcber das Internet (z. B. per E-Mail) Sicherheitsl\u00fccken unterliegt. Daher ist es unm\u00f6glich, die Daten vollst\u00e4ndig vor dem Zugriff\u00a0von Drittparteien zu sch\u00fctzen. Wir k\u00f6nnen keine Haftung f\u00fcr Sch\u00e4den \u00fcbernehmen, die das Ergebnis einer solchen Sicherheitsl\u00fccke sind.<\/p>\n<p>Die Nutzung der gesamten ver\u00f6ffentlichten Kontaktdetails zum Zwecke der Werbung durch Drittparteien ist ausdr\u00fccklich ausgeschlossen. Wir behalten uns das Recht vor, rechtliche Schritte zu unternehmen, wenn Werbeinformationen ungebeten versendet werden; z. B. durch Spam.<br \/>\n<em>(Webseite Dok. Nr.: Mk5001Rev1)<\/em><\/p>\n<p><strong>Google Analytics<\/strong><\/p>\n<p>Diese Webseite nutzt Google Analytics, einen Webanalysedienst von Google Inc. (\u201eGoogle\u201e). Google Analytics nutzt \u201eCookies\u201c, das sind Textdateien, die auf Ihrem Computer gespeichert werden, damit die Webseite analysieren kann, wie Nutzer die Seite verwenden. Die von den Cookies generierte Information \u00fcber Ihre Nutzung der Webseite wird an Google gesendet und auf Servern in den USA gespeichert. Ist die IP-Anonymisierung auf dieser Webseite aktiviert, wird Ihre IP-Adresse in den Mitgliedstaaten der EU oder anderen Parteien des Abkommens im Europ\u00e4ischen Wirtschaftsraum verk\u00fcrzt dargestellt. Nur in Ausnahmef\u00e4llen wird die gesamte IP-Adresse an einen Google Server in den USA \u00fcbertragen und dort erst abgek\u00fcrzt. Die IP-Anonymisierung ist auf der Webseite aktiv. Google nutzt diese Information im Namen des Betreibers der Webseite zum Zweck der Bewertung Ihrer Nutzung der Webseite, um Berichte zur Aktivit\u00e4t auf der Webseite zu erstellen f\u00fcr Betreiber von Webseiten und um Ihnen andere Services in Verbindung mit der Aktivit\u00e4t auf der Webseite und der Internetnutzung zu bieten. Die IP-Adresse, die Ihr Browser im Rahmen von Google Analytics \u00fcbertr\u00e4gt, wird nicht mit anderen Daten in Verbindung gebracht, die Google gespeichert hat. Sie k\u00f6nnen die Nutzung von Cookies ablehnen, indem Sie die entsprechenden Einstellungen in Ihrem Browser anpassen. Beachten Sie aber bitte, dass Sie diese Webseite u. U. dann nicht optimal nutzen k\u00f6nnen. Sie k\u00f6nnen die Verfolgung durch Google Analytics f\u00fcr die Zukunft auch unterbinden, indem Sie den Google Analytics Opt-out Browser Addon f\u00fcr Ihren Browser herunterladen:<br \/>\nhttp:\/\/tools.google.com\/dlpage\/gaoptout?hl=en.<\/p>\n<\/div><\/section><br \/>\n\n<style type=\"text\/css\" data-created_by=\"avia_inline_auto\" id=\"style-css-av-lii5sxu3-cdd23400077778142df41f58847a408c\">\n#top .hr.hr-invisible.av-lii5sxu3-cdd23400077778142df41f58847a408c{\nheight:100px;\n}\n<\/style>\n<div  class='hr av-lii5sxu3-cdd23400077778142df41f58847a408c hr-invisible  avia-builder-el-3  el_after_av_textblock  avia-builder-el-last '><span class='hr-inner '><span class=\"hr-inner-style\"><\/span><\/span><\/div><\/p><\/div><\/div><\/div><\/main><!-- close content main element --><\/div><\/div><div id='after_section_1'  class='main_color av_default_container_wrap container_wrap sidebar_right'  ><div class='container av-section-cont-open' ><div class='template-page content  av-content-small alpha units'><div class='post-entry post-entry-type-page post-entry-2147'><div class='entry-content-wrapper clearfix'>\n","protected":false},"excerpt":{"rendered":"","protected":false},"author":1,"featured_media":0,"parent":0,"menu_order":0,"comment_status":"closed","ping_status":"closed","template":"","meta":{"_acf_changed":false,"rs_blank_template":"","rs_page_bg_color":"","slide_template_v7":"","footnotes":"","_links_to":"","_links_to_target":""},"class_list":["post-2147","page","type-page","status-publish","hentry"],"acf":[],"yoast_head":"<!-- This site is optimized with the Yoast SEO plugin v27.4 - https:\/\/yoast.com\/product\/yoast-seo-wordpress\/ -->\n<title>Haftungsausschluss - Lifeward German Site<\/title>\n<meta name=\"robots\" content=\"index, follow, max-snippet:-1, max-image-preview:large, max-video-preview:-1\" \/>\n<link rel=\"canonical\" href=\"https:\/\/golifeward.com\/de\/haftungsausschluss\/\" \/>\n<meta property=\"og:locale\" content=\"de_DE\" \/>\n<meta property=\"og:type\" content=\"article\" \/>\n<meta property=\"og:title\" content=\"Haftungsausschluss - Lifeward German Site\" \/>\n<meta property=\"og:url\" content=\"https:\/\/golifeward.com\/de\/haftungsausschluss\/\" \/>\n<meta property=\"og:site_name\" content=\"Lifeward German Site\" \/>\n<meta property=\"article:modified_time\" content=\"2023-11-07T19:19:27+00:00\" \/>\n<meta name=\"twitter:card\" content=\"summary_large_image\" \/>\n<meta name=\"twitter:label1\" content=\"Gesch\u00e4tzte Lesezeit\" \/>\n\t<meta name=\"twitter:data1\" content=\"4 Minuten\" \/>\n<script type=\"application\/ld+json\" class=\"yoast-schema-graph\">{\"@context\":\"https:\\\/\\\/schema.org\",\"@graph\":[{\"@type\":\"WebPage\",\"@id\":\"https:\\\/\\\/golifeward.com\\\/de\\\/haftungsausschluss\\\/\",\"url\":\"https:\\\/\\\/golifeward.com\\\/de\\\/haftungsausschluss\\\/\",\"name\":\"Haftungsausschluss - Lifeward German Site\",\"isPartOf\":{\"@id\":\"https:\\\/\\\/golifeward.com\\\/de\\\/#website\"},\"datePublished\":\"2023-06-05T01:13:02+00:00\",\"dateModified\":\"2023-11-07T19:19:27+00:00\",\"breadcrumb\":{\"@id\":\"https:\\\/\\\/golifeward.com\\\/de\\\/haftungsausschluss\\\/#breadcrumb\"},\"inLanguage\":\"de-DE\",\"potentialAction\":[{\"@type\":\"ReadAction\",\"target\":[\"https:\\\/\\\/golifeward.com\\\/de\\\/haftungsausschluss\\\/\"]}]},{\"@type\":\"BreadcrumbList\",\"@id\":\"https:\\\/\\\/golifeward.com\\\/de\\\/haftungsausschluss\\\/#breadcrumb\",\"itemListElement\":[{\"@type\":\"ListItem\",\"position\":1,\"name\":\"Home\",\"item\":\"https:\\\/\\\/golifeward.com\\\/de\\\/home\\\/\"},{\"@type\":\"ListItem\",\"position\":2,\"name\":\"Haftungsausschluss\"}]},{\"@type\":\"WebSite\",\"@id\":\"https:\\\/\\\/golifeward.com\\\/de\\\/#website\",\"url\":\"https:\\\/\\\/golifeward.com\\\/de\\\/\",\"name\":\"Lifeward German Site\",\"description\":\"\",\"potentialAction\":[{\"@type\":\"SearchAction\",\"target\":{\"@type\":\"EntryPoint\",\"urlTemplate\":\"https:\\\/\\\/golifeward.com\\\/de\\\/?s={search_term_string}\"},\"query-input\":{\"@type\":\"PropertyValueSpecification\",\"valueRequired\":true,\"valueName\":\"search_term_string\"}}],\"inLanguage\":\"de-DE\"}]}<\/script>\n<!-- \/ Yoast SEO plugin. -->","yoast_head_json":{"title":"Haftungsausschluss - Lifeward German Site","robots":{"index":"index","follow":"follow","max-snippet":"max-snippet:-1","max-image-preview":"max-image-preview:large","max-video-preview":"max-video-preview:-1"},"canonical":"https:\/\/golifeward.com\/de\/haftungsausschluss\/","og_locale":"de_DE","og_type":"article","og_title":"Haftungsausschluss - Lifeward German Site","og_url":"https:\/\/golifeward.com\/de\/haftungsausschluss\/","og_site_name":"Lifeward German Site","article_modified_time":"2023-11-07T19:19:27+00:00","twitter_card":"summary_large_image","twitter_misc":{"Gesch\u00e4tzte Lesezeit":"4 Minuten"},"schema":{"@context":"https:\/\/schema.org","@graph":[{"@type":"WebPage","@id":"https:\/\/golifeward.com\/de\/haftungsausschluss\/","url":"https:\/\/golifeward.com\/de\/haftungsausschluss\/","name":"Haftungsausschluss - Lifeward German Site","isPartOf":{"@id":"https:\/\/golifeward.com\/de\/#website"},"datePublished":"2023-06-05T01:13:02+00:00","dateModified":"2023-11-07T19:19:27+00:00","breadcrumb":{"@id":"https:\/\/golifeward.com\/de\/haftungsausschluss\/#breadcrumb"},"inLanguage":"de-DE","potentialAction":[{"@type":"ReadAction","target":["https:\/\/golifeward.com\/de\/haftungsausschluss\/"]}]},{"@type":"BreadcrumbList","@id":"https:\/\/golifeward.com\/de\/haftungsausschluss\/#breadcrumb","itemListElement":[{"@type":"ListItem","position":1,"name":"Home","item":"https:\/\/golifeward.com\/de\/home\/"},{"@type":"ListItem","position":2,"name":"Haftungsausschluss"}]},{"@type":"WebSite","@id":"https:\/\/golifeward.com\/de\/#website","url":"https:\/\/golifeward.com\/de\/","name":"Lifeward German Site","description":"","potentialAction":[{"@type":"SearchAction","target":{"@type":"EntryPoint","urlTemplate":"https:\/\/golifeward.com\/de\/?s={search_term_string}"},"query-input":{"@type":"PropertyValueSpecification","valueRequired":true,"valueName":"search_term_string"}}],"inLanguage":"de-DE"}]}},"_links":{"self":[{"href":"https:\/\/golifeward.com\/de\/wp-json\/wp\/v2\/pages\/2147","targetHints":{"allow":["GET"]}}],"collection":[{"href":"https:\/\/golifeward.com\/de\/wp-json\/wp\/v2\/pages"}],"about":[{"href":"https:\/\/golifeward.com\/de\/wp-json\/wp\/v2\/types\/page"}],"author":[{"embeddable":true,"href":"https:\/\/golifeward.com\/de\/wp-json\/wp\/v2\/users\/1"}],"replies":[{"embeddable":true,"href":"https:\/\/golifeward.com\/de\/wp-json\/wp\/v2\/comments?post=2147"}],"version-history":[{"count":0,"href":"https:\/\/golifeward.com\/de\/wp-json\/wp\/v2\/pages\/2147\/revisions"}],"wp:attachment":[{"href":"https:\/\/golifeward.com\/de\/wp-json\/wp\/v2\/media?parent=2147"}],"curies":[{"name":"wp","href":"https:\/\/api.w.org\/{rel}","templated":true}]}}